{"id":94,"date":"2021-05-04T20:21:46","date_gmt":"2021-05-04T20:21:46","guid":{"rendered":"http:\/\/englishreally.org\/?page_id=94"},"modified":"2022-06-15T23:29:12","modified_gmt":"2022-06-15T23:29:12","slug":"home","status":"publish","type":"page","link":"https:\/\/englishreally.org\/","title":{"rendered":"Inicio"},"content":{"rendered":"\t\t<div data-elementor-type=\"wp-page\" data-elementor-id=\"94\" class=\"elementor elementor-94\" data-elementor-settings=\"[]\">\n\t\t\t\t\t\t\t<div class=\"elementor-section-wrap\">\n\t\t\t\t\t\t\t<section class=\"elementor-section elementor-top-section elementor-element elementor-element-80902c7 elementor-section-boxed elementor-section-height-default elementor-section-height-default\" data-id=\"80902c7\" data-element_type=\"section\">\n\t\t\t\t\t\t<div class=\"elementor-container elementor-column-gap-default\">\n\t\t\t\t\t<div class=\"elementor-column elementor-col-100 elementor-top-column elementor-element elementor-element-03e8c78\" data-id=\"03e8c78\" data-element_type=\"column\">\n\t\t\t<div class=\"elementor-widget-wrap elementor-element-populated\">\n\t\t\t\t\t\t\t\t<div class=\"elementor-element elementor-element-b386b2f elementor-widget elementor-widget-image\" data-id=\"b386b2f\" data-element_type=\"widget\" data-widget_type=\"image.default\">\n\t\t\t\t<div class=\"elementor-widget-container\">\n\t\t\t\t\t\t\t\t\t\t\t\t\t\t\t<img width=\"600\" height=\"738\" src=\"https:\/\/englishreally.org\/wp-content\/uploads\/2022\/06\/anuncio_123-832x1024.png\" class=\"attachment-large size-large\" alt=\"\" loading=\"lazy\" srcset=\"https:\/\/englishreally.org\/wp-content\/uploads\/2022\/06\/anuncio_123-832x1024.png 832w, https:\/\/englishreally.org\/wp-content\/uploads\/2022\/06\/anuncio_123-244x300.png 244w, https:\/\/englishreally.org\/wp-content\/uploads\/2022\/06\/anuncio_123-768x945.png 768w, https:\/\/englishreally.org\/wp-content\/uploads\/2022\/06\/anuncio_123-1249x1536.png 1249w, https:\/\/englishreally.org\/wp-content\/uploads\/2022\/06\/anuncio_123-1665x2048.png 1665w\" sizes=\"(max-width: 600px) 100vw, 600px\" \/>\t\t\t\t\t\t\t\t\t\t\t\t\t\t\t<\/div>\n\t\t\t\t<\/div>\n\t\t\t\t\t<\/div>\n\t\t<\/div>\n\t\t\t\t\t\t\t<\/div>\n\t\t<\/section>\n\t\t\t\t<section class=\"elementor-section elementor-top-section elementor-element elementor-element-f6b9eb0 elementor-section-boxed elementor-section-height-default elementor-section-height-default\" data-id=\"f6b9eb0\" data-element_type=\"section\">\n\t\t\t\t\t\t<div class=\"elementor-container elementor-column-gap-default\">\n\t\t\t\t\t<div class=\"elementor-column elementor-col-100 elementor-top-column elementor-element elementor-element-d423bc1\" data-id=\"d423bc1\" data-element_type=\"column\">\n\t\t\t<div class=\"elementor-widget-wrap elementor-element-populated\">\n\t\t\t\t\t\t\t\t<div class=\"elementor-element elementor-element-40cb20c elementor-widget elementor-widget-text-editor\" data-id=\"40cb20c\" data-element_type=\"widget\" data-widget_type=\"text-editor.default\">\n\t\t\t\t<div class=\"elementor-widget-container\">\n\t\t\t\t\t\t\t\t<h3><span style=\"color: #993366;\">Pr\u00f3ximamente <\/span>encuentra ex\u00e1menes TOEFL, IELTS en el sitio para practicar o que tengas una idea de tu nivel actual de ingl\u00e9s\u00a0<\/h3>\t\t\t\t\t\t<\/div>\n\t\t\t\t<\/div>\n\t\t\t\t\t<\/div>\n\t\t<\/div>\n\t\t\t\t\t\t\t<\/div>\n\t\t<\/section>\n\t\t\t\t<section class=\"elementor-section elementor-top-section elementor-element elementor-element-cfa4a51 elementor-section-boxed elementor-section-height-default elementor-section-height-default\" data-id=\"cfa4a51\" data-element_type=\"section\">\n\t\t\t\t\t\t<div class=\"elementor-container elementor-column-gap-default\">\n\t\t\t\t\t<div class=\"elementor-column elementor-col-33 elementor-top-column elementor-element elementor-element-c336632\" data-id=\"c336632\" data-element_type=\"column\">\n\t\t\t<div class=\"elementor-widget-wrap elementor-element-populated\">\n\t\t\t\t\t\t\t\t<div class=\"elementor-element elementor-element-b2ab8e3 elementor-widget elementor-widget-image\" data-id=\"b2ab8e3\" data-element_type=\"widget\" data-widget_type=\"image.default\">\n\t\t\t\t<div class=\"elementor-widget-container\">\n\t\t\t\t\t\t\t\t\t\t\t\t\t\t\t\t<a href=\"https:\/\/englishreally.org\/index.php\/curso-de-ingles-nivel-1\/\">\n\t\t\t\t\t\t\t<img width=\"600\" height=\"685\" src=\"https:\/\/englishreally.org\/wp-content\/uploads\/2021\/06\/estudia_ingles_1-897x1024.png\" class=\"attachment-large size-large\" alt=\"\" loading=\"lazy\" srcset=\"https:\/\/englishreally.org\/wp-content\/uploads\/2021\/06\/estudia_ingles_1-897x1024.png 897w, https:\/\/englishreally.org\/wp-content\/uploads\/2021\/06\/estudia_ingles_1-263x300.png 263w, https:\/\/englishreally.org\/wp-content\/uploads\/2021\/06\/estudia_ingles_1-768x877.png 768w, https:\/\/englishreally.org\/wp-content\/uploads\/2021\/06\/estudia_ingles_1.png 988w\" sizes=\"(max-width: 600px) 100vw, 600px\" \/>\t\t\t\t\t\t\t\t<\/a>\n\t\t\t\t\t\t\t\t\t\t\t\t\t\t\t<\/div>\n\t\t\t\t<\/div>\n\t\t\t\t\t<\/div>\n\t\t<\/div>\n\t\t\t\t<div class=\"elementor-column elementor-col-33 elementor-top-column elementor-element elementor-element-0eb1020\" data-id=\"0eb1020\" data-element_type=\"column\">\n\t\t\t<div class=\"elementor-widget-wrap elementor-element-populated\">\n\t\t\t\t\t\t\t\t<div class=\"elementor-element elementor-element-fd6c25d elementor-widget elementor-widget-image\" data-id=\"fd6c25d\" data-element_type=\"widget\" data-widget_type=\"image.default\">\n\t\t\t\t<div class=\"elementor-widget-container\">\n\t\t\t\t\t\t\t\t\t\t\t\t\t\t\t\t<a href=\"https:\/\/englishreally.org\/index.php\/listening\/\">\n\t\t\t\t\t\t\t<img width=\"600\" height=\"685\" src=\"https:\/\/englishreally.org\/wp-content\/uploads\/2021\/06\/Conversaciones-897x1024.png\" class=\"attachment-large size-large\" alt=\"\" loading=\"lazy\" srcset=\"https:\/\/englishreally.org\/wp-content\/uploads\/2021\/06\/Conversaciones-897x1024.png 897w, https:\/\/englishreally.org\/wp-content\/uploads\/2021\/06\/Conversaciones-263x300.png 263w, https:\/\/englishreally.org\/wp-content\/uploads\/2021\/06\/Conversaciones-768x877.png 768w, https:\/\/englishreally.org\/wp-content\/uploads\/2021\/06\/Conversaciones.png 988w\" sizes=\"(max-width: 600px) 100vw, 600px\" \/>\t\t\t\t\t\t\t\t<\/a>\n\t\t\t\t\t\t\t\t\t\t\t\t\t\t\t<\/div>\n\t\t\t\t<\/div>\n\t\t\t\t\t<\/div>\n\t\t<\/div>\n\t\t\t\t<div class=\"elementor-column elementor-col-33 elementor-top-column elementor-element elementor-element-75ec5f7\" data-id=\"75ec5f7\" data-element_type=\"column\">\n\t\t\t<div class=\"elementor-widget-wrap elementor-element-populated\">\n\t\t\t\t\t\t\t\t<div class=\"elementor-element elementor-element-365b436 elementor-widget elementor-widget-image\" data-id=\"365b436\" data-element_type=\"widget\" data-widget_type=\"image.default\">\n\t\t\t\t<div class=\"elementor-widget-container\">\n\t\t\t\t\t\t\t\t\t\t\t\t\t\t\t\t<a href=\"https:\/\/englishreally.org\/index.php\/examenes\/\">\n\t\t\t\t\t\t\t<img width=\"600\" height=\"685\" src=\"https:\/\/englishreally.org\/wp-content\/uploads\/2021\/06\/tests-897x1024.png\" class=\"attachment-large size-large\" alt=\"\" loading=\"lazy\" srcset=\"https:\/\/englishreally.org\/wp-content\/uploads\/2021\/06\/tests-897x1024.png 897w, https:\/\/englishreally.org\/wp-content\/uploads\/2021\/06\/tests-263x300.png 263w, https:\/\/englishreally.org\/wp-content\/uploads\/2021\/06\/tests-768x877.png 768w, https:\/\/englishreally.org\/wp-content\/uploads\/2021\/06\/tests.png 988w\" sizes=\"(max-width: 600px) 100vw, 600px\" \/>\t\t\t\t\t\t\t\t<\/a>\n\t\t\t\t\t\t\t\t\t\t\t\t\t\t\t<\/div>\n\t\t\t\t<\/div>\n\t\t\t\t\t<\/div>\n\t\t<\/div>\n\t\t\t\t\t\t\t<\/div>\n\t\t<\/section>\n\t\t\t\t\t\t<\/div>\n\t\t\t\t\t<\/div>\n\t\t","protected":false},"excerpt":{"rendered":"<p>Pr\u00f3ximamente encuentra ex\u00e1menes TOEFL, IELTS en el sitio para practicar o que tengas una idea de tu nivel actual de ingl\u00e9s\u00a0<\/p>\n","protected":false},"author":1,"featured_media":0,"parent":0,"menu_order":0,"comment_status":"closed","ping_status":"closed","template":"","meta":{"om_disable_all_campaigns":false,"_monsterinsights_skip_tracking":false,"_monsterinsights_sitenote_active":false,"_monsterinsights_sitenote_note":"","_monsterinsights_sitenote_category":0},"_links":{"self":[{"href":"https:\/\/englishreally.org\/index.php\/wp-json\/wp\/v2\/pages\/94"}],"collection":[{"href":"https:\/\/englishreally.org\/index.php\/wp-json\/wp\/v2\/pages"}],"about":[{"href":"https:\/\/englishreally.org\/index.php\/wp-json\/wp\/v2\/types\/page"}],"author":[{"embeddable":true,"href":"https:\/\/englishreally.org\/index.php\/wp-json\/wp\/v2\/users\/1"}],"replies":[{"embeddable":true,"href":"https:\/\/englishreally.org\/index.php\/wp-json\/wp\/v2\/comments?post=94"}],"version-history":[{"count":71,"href":"https:\/\/englishreally.org\/index.php\/wp-json\/wp\/v2\/pages\/94\/revisions"}],"predecessor-version":[{"id":4268,"href":"https:\/\/englishreally.org\/index.php\/wp-json\/wp\/v2\/pages\/94\/revisions\/4268"}],"wp:attachment":[{"href":"https:\/\/englishreally.org\/index.php\/wp-json\/wp\/v2\/media?parent=94"}],"curies":[{"name":"wp","href":"https:\/\/api.w.org\/{rel}","templated":true}]}}