{"id":8,"date":"2021-05-03T17:38:10","date_gmt":"2021-05-03T17:38:10","guid":{"rendered":"http:\/\/englishreally.org\/?page_id=8"},"modified":"2021-05-04T20:59:29","modified_gmt":"2021-05-04T20:59:29","slug":"cursodeingles","status":"publish","type":"page","link":"https:\/\/englishreally.org\/index.php\/cursodeingles\/","title":{"rendered":"Curso de ingl\u00e9s"},"content":{"rendered":"\t\t<div data-elementor-type=\"wp-page\" data-elementor-id=\"8\" class=\"elementor elementor-8\" data-elementor-settings=\"[]\">\n\t\t\t\t\t\t\t<div class=\"elementor-section-wrap\">\n\t\t\t\t\t\t\t<section class=\"elementor-section elementor-top-section elementor-element elementor-element-ee0ab6a elementor-section-boxed elementor-section-height-default elementor-section-height-default\" data-id=\"ee0ab6a\" data-element_type=\"section\">\n\t\t\t\t\t\t<div class=\"elementor-container elementor-column-gap-default\">\n\t\t\t\t\t<div class=\"elementor-column elementor-col-100 elementor-top-column elementor-element elementor-element-c82bd2e\" data-id=\"c82bd2e\" data-element_type=\"column\">\n\t\t\t<div class=\"elementor-widget-wrap elementor-element-populated\">\n\t\t\t\t\t\t\t\t<div class=\"elementor-element elementor-element-98ec7b7 elementor-widget elementor-widget-image\" data-id=\"98ec7b7\" data-element_type=\"widget\" data-widget_type=\"image.default\">\n\t\t\t\t<div class=\"elementor-widget-container\">\n\t\t\t\t\t\t\t\t\t\t\t\t\t\t\t<img width=\"600\" height=\"130\" src=\"https:\/\/englishreally.org\/wp-content\/uploads\/2021\/05\/0001.png\" class=\"attachment-large size-large\" alt=\"\" loading=\"lazy\" srcset=\"https:\/\/englishreally.org\/wp-content\/uploads\/2021\/05\/0001.png 710w, https:\/\/englishreally.org\/wp-content\/uploads\/2021\/05\/0001-300x65.png 300w\" sizes=\"(max-width: 600px) 100vw, 600px\" \/>\t\t\t\t\t\t\t\t\t\t\t\t\t\t\t<\/div>\n\t\t\t\t<\/div>\n\t\t\t\t\t<\/div>\n\t\t<\/div>\n\t\t\t\t\t\t\t<\/div>\n\t\t<\/section>\n\t\t\t\t<section class=\"elementor-section elementor-top-section elementor-element elementor-element-6c1027b elementor-section-boxed elementor-section-height-default elementor-section-height-default\" data-id=\"6c1027b\" data-element_type=\"section\">\n\t\t\t\t\t\t<div class=\"elementor-container elementor-column-gap-default\">\n\t\t\t\t\t<div class=\"elementor-column elementor-col-100 elementor-top-column elementor-element elementor-element-a3650ab\" data-id=\"a3650ab\" data-element_type=\"column\">\n\t\t\t<div class=\"elementor-widget-wrap elementor-element-populated\">\n\t\t\t\t\t\t\t\t<section class=\"elementor-section elementor-inner-section elementor-element elementor-element-ff69ba6 elementor-section-boxed elementor-section-height-default elementor-section-height-default\" data-id=\"ff69ba6\" data-element_type=\"section\">\n\t\t\t\t\t\t<div class=\"elementor-container elementor-column-gap-default\">\n\t\t\t\t\t<div class=\"elementor-column elementor-col-50 elementor-inner-column elementor-element elementor-element-1ba3e88\" data-id=\"1ba3e88\" data-element_type=\"column\">\n\t\t\t<div class=\"elementor-widget-wrap elementor-element-populated\">\n\t\t\t\t\t\t\t\t<div class=\"elementor-element elementor-element-b0afb6b elementor-widget elementor-widget-text-editor\" data-id=\"b0afb6b\" data-element_type=\"widget\" data-widget_type=\"text-editor.default\">\n\t\t\t\t<div class=\"elementor-widget-container\">\n\t\t\t\t\t\t\t\t<h2><span style=\"color: #3366ff;\">Curso de ingl\u00e9s personalizado<\/span><\/h2><ul><li>Vocabularios y modismos en cada lecci\u00f3n<\/li><li>Lectura, traducci\u00f3n y conversaci\u00f3n en cada clase<\/li><li>Atenci\u00f3n personalizada<\/li><li>Preparaci\u00f3n para ex\u00e1menes\u00a0<\/li><li>Conversaciones para situaciones reales<\/li><li>Practica tu ingl\u00e9s desde la primera clase<\/li><li>Evaluaci\u00f3n eficiente para detectar errores y corregirlos, \u00a1No dejes de avanzar!\u00a0<\/li><\/ul>\t\t\t\t\t\t<\/div>\n\t\t\t\t<\/div>\n\t\t\t\t\t<\/div>\n\t\t<\/div>\n\t\t\t\t<div class=\"elementor-column elementor-col-50 elementor-inner-column elementor-element elementor-element-f485f82\" data-id=\"f485f82\" data-element_type=\"column\">\n\t\t\t<div class=\"elementor-widget-wrap elementor-element-populated\">\n\t\t\t\t\t\t\t\t<div class=\"elementor-element elementor-element-92b3606 elementor-widget elementor-widget-image\" data-id=\"92b3606\" data-element_type=\"widget\" data-widget_type=\"image.default\">\n\t\t\t\t<div class=\"elementor-widget-container\">\n\t\t\t\t\t\t\t\t\t\t\t\t\t\t\t<img width=\"600\" height=\"400\" src=\"https:\/\/englishreally.org\/wp-content\/uploads\/2021\/05\/students.png\" class=\"attachment-large size-large\" alt=\"\" loading=\"lazy\" srcset=\"https:\/\/englishreally.org\/wp-content\/uploads\/2021\/05\/students.png 900w, https:\/\/englishreally.org\/wp-content\/uploads\/2021\/05\/students-300x200.png 300w, https:\/\/englishreally.org\/wp-content\/uploads\/2021\/05\/students-768x512.png 768w, https:\/\/englishreally.org\/wp-content\/uploads\/2021\/05\/students-75x50.png 75w\" sizes=\"(max-width: 600px) 100vw, 600px\" \/>\t\t\t\t\t\t\t\t\t\t\t\t\t\t\t<\/div>\n\t\t\t\t<\/div>\n\t\t\t\t\t<\/div>\n\t\t<\/div>\n\t\t\t\t\t\t\t<\/div>\n\t\t<\/section>\n\t\t\t\t\t<\/div>\n\t\t<\/div>\n\t\t\t\t\t\t\t<\/div>\n\t\t<\/section>\n\t\t\t\t\t\t<\/div>\n\t\t\t\t\t<\/div>\n\t\t","protected":false},"excerpt":{"rendered":"<p>Curso de ingl\u00e9s personalizado Vocabularios y modismos en cada lecci\u00f3n Lectura, traducci\u00f3n y conversaci\u00f3n en cada clase Atenci\u00f3n personalizada Preparaci\u00f3n para ex\u00e1menes&nbsp; Conversaciones para situaciones reales Practica tu ingl\u00e9s desde la primera clase Evaluaci\u00f3n eficiente para detectar errores y corregirlos, \u00a1No dejes de avanzar!&nbsp;<\/p>\n","protected":false},"author":1,"featured_media":0,"parent":0,"menu_order":0,"comment_status":"closed","ping_status":"closed","template":"","meta":{"om_disable_all_campaigns":false,"_monsterinsights_skip_tracking":false,"_monsterinsights_sitenote_active":false,"_monsterinsights_sitenote_note":"","_monsterinsights_sitenote_category":0},"_links":{"self":[{"href":"https:\/\/englishreally.org\/index.php\/wp-json\/wp\/v2\/pages\/8"}],"collection":[{"href":"https:\/\/englishreally.org\/index.php\/wp-json\/wp\/v2\/pages"}],"about":[{"href":"https:\/\/englishreally.org\/index.php\/wp-json\/wp\/v2\/types\/page"}],"author":[{"embeddable":true,"href":"https:\/\/englishreally.org\/index.php\/wp-json\/wp\/v2\/users\/1"}],"replies":[{"embeddable":true,"href":"https:\/\/englishreally.org\/index.php\/wp-json\/wp\/v2\/comments?post=8"}],"version-history":[{"count":35,"href":"https:\/\/englishreally.org\/index.php\/wp-json\/wp\/v2\/pages\/8\/revisions"}],"predecessor-version":[{"id":106,"href":"https:\/\/englishreally.org\/index.php\/wp-json\/wp\/v2\/pages\/8\/revisions\/106"}],"wp:attachment":[{"href":"https:\/\/englishreally.org\/index.php\/wp-json\/wp\/v2\/media?parent=8"}],"curies":[{"name":"wp","href":"https:\/\/api.w.org\/{rel}","templated":true}]}}