{"id":3226,"date":"2022-02-10T01:39:18","date_gmt":"2022-02-10T01:39:18","guid":{"rendered":"https:\/\/englishreally.org\/?page_id=3226"},"modified":"2022-05-31T13:11:17","modified_gmt":"2022-05-31T13:11:17","slug":"necesitas-ser-alumno-para-tener-acceso","status":"publish","type":"page","link":"https:\/\/englishreally.org\/index.php\/necesitas-ser-alumno-para-tener-acceso\/","title":{"rendered":"Necesitas ser alumno para tener acceso"},"content":{"rendered":"\n<p>Est\u00e1s intentando entrar a contenido restringido, si est\u00e1s interesado (a) en estudiar ingl\u00e9s ser\u00e1 un gusto darte la informaci\u00f3n, si eres alumno de la instituci\u00f3n por favor comun\u00edcate por medio del chat de la p\u00e1gina (whatsapp) o bien directamente con tu profesor.<\/p>\n\n\n\n<p>Si has adquirido el libro en Amazon por favor comun\u00edcate por medio del chat para darte acceso a los ejercicios y vocabularios.<\/p>\n","protected":false},"excerpt":{"rendered":"<p>Est\u00e1s intentando entrar a contenido restringido, si est\u00e1s interesado (a) en estudiar ingl\u00e9s ser\u00e1 un gusto darte la informaci\u00f3n, si eres alumno de la instituci\u00f3n por favor comun\u00edcate por medio del chat de la p\u00e1gina (whatsapp) o bien directamente con tu profesor. Si has adquirido el libro en Amazon por favor comun\u00edcate por medio del &hellip; <a href=\"https:\/\/englishreally.org\/index.php\/necesitas-ser-alumno-para-tener-acceso\/\">Seguir leyendo <span class=\"meta-nav\">&rarr;<\/span><\/a><\/p>\n","protected":false},"author":1,"featured_media":0,"parent":0,"menu_order":0,"comment_status":"closed","ping_status":"closed","template":"","meta":{"om_disable_all_campaigns":false,"_monsterinsights_skip_tracking":false,"_monsterinsights_sitenote_active":false,"_monsterinsights_sitenote_note":"","_monsterinsights_sitenote_category":0},"_links":{"self":[{"href":"https:\/\/englishreally.org\/index.php\/wp-json\/wp\/v2\/pages\/3226"}],"collection":[{"href":"https:\/\/englishreally.org\/index.php\/wp-json\/wp\/v2\/pages"}],"about":[{"href":"https:\/\/englishreally.org\/index.php\/wp-json\/wp\/v2\/types\/page"}],"author":[{"embeddable":true,"href":"https:\/\/englishreally.org\/index.php\/wp-json\/wp\/v2\/users\/1"}],"replies":[{"embeddable":true,"href":"https:\/\/englishreally.org\/index.php\/wp-json\/wp\/v2\/comments?post=3226"}],"version-history":[{"count":3,"href":"https:\/\/englishreally.org\/index.php\/wp-json\/wp\/v2\/pages\/3226\/revisions"}],"predecessor-version":[{"id":4204,"href":"https:\/\/englishreally.org\/index.php\/wp-json\/wp\/v2\/pages\/3226\/revisions\/4204"}],"wp:attachment":[{"href":"https:\/\/englishreally.org\/index.php\/wp-json\/wp\/v2\/media?parent=3226"}],"curies":[{"name":"wp","href":"https:\/\/api.w.org\/{rel}","templated":true}]}}