{"id":2509,"date":"2021-11-06T02:14:24","date_gmt":"2021-11-06T02:14:24","guid":{"rendered":"https:\/\/englishreally.org\/?page_id=2509"},"modified":"2022-01-09T01:47:53","modified_gmt":"2022-01-09T01:47:53","slug":"bienvenido-a","status":"publish","type":"page","link":"https:\/\/englishreally.org\/index.php\/bienvenido-a\/","title":{"rendered":"Bienvenido (a)"},"content":{"rendered":"\n<div class=\"wp-block-image\"><figure class=\"aligncenter size-large is-resized\"><img loading=\"lazy\" src=\"https:\/\/englishreally.org\/wp-content\/uploads\/2021\/12\/englishreally_amazon_book_header_1.png\" alt=\"\" class=\"wp-image-2673\" width=\"695\" height=\"339\" srcset=\"https:\/\/englishreally.org\/wp-content\/uploads\/2021\/12\/englishreally_amazon_book_header_1.png 1024w, https:\/\/englishreally.org\/wp-content\/uploads\/2021\/12\/englishreally_amazon_book_header_1-300x146.png 300w, https:\/\/englishreally.org\/wp-content\/uploads\/2021\/12\/englishreally_amazon_book_header_1-768x375.png 768w\" sizes=\"(max-width: 695px) 100vw, 695px\" \/><\/figure><\/div>\n\n\n\n<h2><strong><span class=\"has-inline-color has-vivid-cyan-blue-color\">English Really Beginners first book<\/span><\/strong><\/h2>\n\n\n\n<h4>Vocabulario<\/h4>\n\n\n\n<p><a href=\"https:\/\/englishreally.org\/index.php\/2021\/11\/08\/alphabet\/\">Alphabet \/ Alfabeto <\/a><br><a href=\"https:\/\/englishreally.org\/index.php\/2021\/11\/08\/numbers\/\">Numbers\/ n\u00fameros<\/a> <\/p>\n\n\n\n<h4>Ejercicios<\/h4>\n\n\n\n<p><a href=\"https:\/\/englishreally.org\/index.php\/2021\/11\/08\/exercise-1\/\">Ejercicio 1<\/a><\/p>\n\n\n\n<h2>Lecci\u00f3n 1<\/h2>\n\n\n\n<h4>Vocabularies<\/h4>\n\n\n\n<p><a href=\"https:\/\/englishreally.org\/index.php\/2021\/11\/09\/pronombres-personales\/\">Pronombres personales<\/a><br><a href=\"https:\/\/englishreally.org\/index.php\/2021\/11\/09\/afirmativo-be\/\">Afirmativo be<\/a><br><a href=\"https:\/\/englishreally.org\/index.php\/2021\/11\/09\/negativo-be\/\">Negativo be<\/a><br><a href=\"https:\/\/englishreally.org\/index.php\/2021\/11\/10\/interrogativo\/\">Interrogativo<\/a><br><a href=\"https:\/\/englishreally.org\/index.php\/2021\/11\/10\/interrogativo-negativo\/\">Interrogativo Negativo<\/a><\/p>\n\n\n\n<h4>Exercises<\/h4>\n\n\n\n<p><a href=\"https:\/\/englishreally.org\/index.php\/2021\/11\/08\/ejercicio-3\/\">Ejercicio 3<\/a><br><a href=\"https:\/\/englishreally.org\/index.php\/2021\/11\/09\/ejercicio-7\/\">Ejercicio 7<\/a><br><a href=\"https:\/\/englishreally.org\/index.php\/2021\/11\/09\/ejercicio-11\/\">Ejercicio 11<\/a><br><a href=\"https:\/\/englishreally.org\/index.php\/2021\/11\/09\/ejercicio-15\/\">Ejercicio 15<\/a><\/p>\n\n\n\n<h2>Lecci\u00f3n 2<\/h2>\n\n\n\n<p>Vocabularies<\/p>\n\n\n\n<p><a href=\"https:\/\/englishreally.org\/index.php\/2021\/11\/09\/family\/\">Family<\/a><br><a href=\"https:\/\/englishreally.org\/index.php\/2021\/11\/09\/colors\/\">Colors<\/a><br><a href=\"https:\/\/englishreally.org\/index.php\/2021\/11\/11\/vocabulario-2-2\/\">Vocabulario 2<\/a><\/p>\n\n\n\n<p>exercices<\/p>\n\n\n\n<p><a href=\"https:\/\/englishreally.org\/index.php\/bienvenido-a\/\">Ejercicio 1<\/a><br><a href=\"https:\/\/englishreally.org\/index.php\/2021\/11\/11\/ejercicio-2\/\">Ejercicio 2<\/a><br><a href=\"https:\/\/englishreally.org\/index.php\/2021\/11\/12\/ejercicio-3-2\/\">Ejercicio 3<\/a><br><a href=\"https:\/\/englishreally.org\/index.php\/2021\/11\/12\/ejercicio-7-2\/\">Ejercicio 7<\/a><br><a href=\"https:\/\/englishreally.org\/index.php\/2021\/11\/12\/ejercicio-13\/\">Ejercicio 13<\/a><\/p>\n\n\n\n<h2>Lecci\u00f3n 3<\/h2>\n\n\n\n<p>Vocabularies<br><a href=\"https:\/\/englishreally.org\/index.php\/2021\/11\/13\/vocabulario-3-2\/\">Vocabulary<\/a><\/p>\n\n\n\n<p>Exercises<\/p>\n\n\n\n<h2>Lecci\u00f3n 4<\/h2>\n\n\n\n<p><a href=\"https:\/\/englishreally.org\/index.php\/2021\/11\/16\/vocabulario-4\/\">Vocabulary<\/a><br><a href=\"https:\/\/englishreally.org\/index.php\/2021\/12\/03\/ordinal-numbers\/\">Ordinal numbers<\/a><br><a href=\"https:\/\/englishreally.org\/index.php\/2021\/12\/03\/modismos-leccion-4\/\">Modismos<\/a><\/p>\n\n\n\n<p>Exercises<\/p>\n\n\n\n<h2>Lecci\u00f3n 5<\/h2>\n\n\n\n<p>Vocabularies<br><br><a href=\"https:\/\/englishreally.org\/index.php\/2021\/12\/03\/vocabulario-5\/\">Vocabulary<\/a><br><a href=\"https:\/\/englishreally.org\/index.php\/2021\/12\/03\/modismos-leccion-5\/\">Modismos<\/a><\/p>\n\n\n\n<p>Exercises<\/p>\n\n\n\n<h2>Lecci\u00f3n 6<\/h2>\n\n\n\n<p><a href=\"https:\/\/englishreally.org\/index.php\/2022\/01\/08\/leccion-6\/\">Vocabularies<\/a><br><a href=\"https:\/\/englishreally.org\/index.php\/2022\/01\/08\/modismos-6\/\">Modismos<\/a><\/p>\n\n\n\n<p>Exercises<\/p>\n\n\n\n<h2>Lecci\u00f3n 7<\/h2>\n\n\n\n<p><a href=\"https:\/\/englishreally.org\/index.php\/2022\/01\/08\/leccion-7\/\">Vocabulary<\/a><br><a href=\"https:\/\/englishreally.org\/index.php\/2022\/01\/08\/vocabulario-2-3\/\">Animals<\/a><br><a href=\"https:\/\/englishreally.org\/index.php\/2022\/01\/08\/modismos-leccion-7\/\">Modismos<\/a><\/p>\n\n\n\n<p>Exercises<\/p>\n\n\n\n<h2>Lecci\u00f3n 8<\/h2>\n\n\n\n<p>Vocabularies<\/p>\n\n\n\n<p>Exercices<\/p>\n\n\n\n<h2>Lecci\u00f3n 9<\/h2>\n\n\n\n<p>Vocabularies<\/p>\n\n\n\n<p>Exercises<\/p>\n\n\n\n<h2>Lecci\u00f3n 10<\/h2>\n\n\n\n<p>Vocabularies<\/p>\n\n\n\n<p>Exercices<\/p>\n\n\n\n<hr class=\"wp-block-separator\"\/>\n\n\n\n<figure class=\"wp-block-table\"><table><tbody><tr><td><a href=\"#\">Regresal al menu<\/a><\/td><td class=\"has-text-align-right\" data-align=\"right\"><a href=\"#\">Ir al siguiente ejercicio<\/a><\/td><\/tr><\/tbody><\/table><\/figure>\n\n\n\n<p><\/p>\n","protected":false},"excerpt":{"rendered":"<p>English Really Beginners first book Vocabulario Alphabet \/ Alfabeto Numbers\/ n\u00fameros Ejercicios Ejercicio 1 Lecci\u00f3n 1 Vocabularies Pronombres personalesAfirmativo beNegativo beInterrogativoInterrogativo Negativo Exercises Ejercicio 3Ejercicio 7Ejercicio 11Ejercicio 15 Lecci\u00f3n 2 Vocabularies FamilyColorsVocabulario 2 exercices Ejercicio 1Ejercicio 2Ejercicio 3Ejercicio 7Ejercicio 13 Lecci\u00f3n 3 VocabulariesVocabulary Exercises Lecci\u00f3n 4 VocabularyOrdinal numbersModismos Exercises Lecci\u00f3n 5 Vocabularies VocabularyModismos Exercises Lecci\u00f3n &hellip; <a href=\"https:\/\/englishreally.org\/index.php\/bienvenido-a\/\">Seguir leyendo <span class=\"meta-nav\">&rarr;<\/span><\/a><\/p>\n","protected":false},"author":1,"featured_media":0,"parent":0,"menu_order":0,"comment_status":"closed","ping_status":"closed","template":"","meta":{"om_disable_all_campaigns":false,"_monsterinsights_skip_tracking":false,"_monsterinsights_sitenote_active":false,"_monsterinsights_sitenote_note":"","_monsterinsights_sitenote_category":0},"_links":{"self":[{"href":"https:\/\/englishreally.org\/index.php\/wp-json\/wp\/v2\/pages\/2509"}],"collection":[{"href":"https:\/\/englishreally.org\/index.php\/wp-json\/wp\/v2\/pages"}],"about":[{"href":"https:\/\/englishreally.org\/index.php\/wp-json\/wp\/v2\/types\/page"}],"author":[{"embeddable":true,"href":"https:\/\/englishreally.org\/index.php\/wp-json\/wp\/v2\/users\/1"}],"replies":[{"embeddable":true,"href":"https:\/\/englishreally.org\/index.php\/wp-json\/wp\/v2\/comments?post=2509"}],"version-history":[{"count":52,"href":"https:\/\/englishreally.org\/index.php\/wp-json\/wp\/v2\/pages\/2509\/revisions"}],"predecessor-version":[{"id":2731,"href":"https:\/\/englishreally.org\/index.php\/wp-json\/wp\/v2\/pages\/2509\/revisions\/2731"}],"wp:attachment":[{"href":"https:\/\/englishreally.org\/index.php\/wp-json\/wp\/v2\/media?parent=2509"}],"curies":[{"name":"wp","href":"https:\/\/api.w.org\/{rel}","templated":true}]}}